{"id":2271,"date":"2025-07-26T13:58:59","date_gmt":"2025-07-26T13:58:59","guid":{"rendered":"https:\/\/majetic-ausbau.de\/?page_id=2271"},"modified":"2025-12-28T07:54:41","modified_gmt":"2025-12-28T07:54:41","slug":"impressum","status":"publish","type":"page","link":"https:\/\/majetic-ausbau.de\/en\/impressum\/","title":{"rendered":"Legal Notice"},"content":{"rendered":"\n<p><\/p>\n\n\n\n<p><\/p>\n\n\n\n<p><\/p>\n\n\n\n<p><\/p>\n\n\n\n<p><\/p>\n\n\n\n<p><\/p>\n\n\n<style>.wp-block-kadence-advancedheading.kt-adv-heading2271_e62854-a1, .wp-block-kadence-advancedheading.kt-adv-heading2271_e62854-a1[data-kb-block=\"kb-adv-heading2271_e62854-a1\"]{font-style:normal;}.wp-block-kadence-advancedheading.kt-adv-heading2271_e62854-a1 mark.kt-highlight, .wp-block-kadence-advancedheading.kt-adv-heading2271_e62854-a1[data-kb-block=\"kb-adv-heading2271_e62854-a1\"] mark.kt-highlight{font-style:normal;color:#f76a0c;-webkit-box-decoration-break:clone;box-decoration-break:clone;padding-top:0px;padding-right:0px;padding-bottom:0px;padding-left:0px;}.wp-block-kadence-advancedheading.kt-adv-heading2271_e62854-a1 img.kb-inline-image, .wp-block-kadence-advancedheading.kt-adv-heading2271_e62854-a1[data-kb-block=\"kb-adv-heading2271_e62854-a1\"] img.kb-inline-image{width:150px;vertical-align:baseline;}<\/style>\n<h2 class=\"kt-adv-heading2271_e62854-a1 wp-block-kadence-advancedheading\" data-kb-block=\"kb-adv-heading2271_e62854-a1\">Impressum<\/h2>\n\n\n\n<p>Impressum<br>Angaben gem\u00e4\u00df \u00a7 5 TMG<\/p>\n\n\n\n<p>Majetic Raum &amp; Ausbau<br>Inhaber: Sanimir Majetic<br>Berliner str 2, Seeheim Jugenheim 64342<br>Telefon: 01718141452<br>E-Mail: majetic.ausbau@gmail.com<\/p>\n\n\n\n<p>Einzelunternehmen<br>Gewerbeanmeldung nach \u00a714 GewO durch die Gemeinde Seeheim-Jugenheim<br>Mitglied der Handwerkskammer Frankfurt-Rhein-Main<\/p>\n\n\n\n<p>Umsatzsteuer-Identifikationsnummer gem\u00e4\u00df \u00a727a UStG: DE457642235<\/p>\n\n\n\n<p>Verantwortlich f\u00fcr den Inhalt nach \u00a7 55 Abs. 2 RStV:<br>Sanimir Majetic<\/p>\n\n\n<p>Berliner str 2 Seeheim Jugenheim 54342<\/p>\n\n\n\n<p>Haftung f\u00fcr Inhalte<br>Als Diensteanbieter sind wir gem\u00e4\u00df \u00a7 7 Abs.1 TMG f\u00fcr eigene Inhalte auf diesen Seiten nach den allgemeinen Gesetzen verantwortlich.<br>F\u00fcr die Richtigkeit, Vollst\u00e4ndigkeit und Aktualit\u00e4t der Inhalte k\u00f6nnen wir jedoch keine Gew\u00e4hr \u00fcbernehmen.<\/p>\n\n\n\n<p>Haftung f\u00fcr Links<br>Unser Angebot enth\u00e4lt Links zu externen Webseiten Dritter, auf deren Inhalte wir keinen Einfluss haben. Deshalb k\u00f6nnen wir f\u00fcr diese fremden Inhalte auch keine Gew\u00e4hr \u00fcbernehmen.<br>F\u00fcr die Inhalte der verlinkten Seiten ist stets der jeweilige Anbieter oder Betreiber der Seiten verantwortlich.<\/p>\n\n\n\n<p>Urheberrecht<br>Die durch die Seitenbetreiber erstellten Inhalte und Werke auf diesen Seiten unterliegen dem deutschen Urheberrecht. Die Vervielf\u00e4ltigung, Bearbeitung, Verbreitung und jede Art der Verwertung au\u00dferhalb der Grenzen des Urheberrechtes bed\u00fcrfen der schriftlichen Zustimmung des jeweiligen Autors bzw. Erstellers.<\/p>\n","protected":false},"excerpt":{"rendered":"<p>Impressum ImpressumAngaben gem\u00e4\u00df \u00a7 5 TMG Majetic Raum &amp; AusbauInhaber: Sanimir MajeticBerliner str 2, Seeheim Jugenheim 64342Telefon: 01718141452E-Mail: majetic.ausbau@gmail.com EinzelunternehmenGewerbeanmeldung nach \u00a714 GewO durch die Gemeinde Seeheim-JugenheimMitglied der Handwerkskammer Frankfurt-Rhein-Main Umsatzsteuer-Identifikationsnummer gem\u00e4\u00df \u00a727a UStG: DE457642235 Verantwortlich f\u00fcr den Inhalt nach \u00a7 55 Abs. 2 RStV:Sanimir Majetic Haftung f\u00fcr InhalteAls Diensteanbieter sind wir gem\u00e4\u00df \u00a7 7&#8230;<\/p>","protected":false},"author":1,"featured_media":0,"parent":0,"menu_order":0,"comment_status":"closed","ping_status":"closed","template":"","meta":{"_kadence_starter_templates_imported_post":false,"_kad_post_transparent":"","_kad_post_title":"","_kad_post_layout":"","_kad_post_sidebar_id":"","_kad_post_content_style":"","_kad_post_vertical_padding":"","_kad_post_feature":"","_kad_post_feature_position":"","_kad_post_header":false,"_kad_post_footer":false,"footnotes":""},"class_list":["post-2271","page","type-page","status-publish","hentry"],"_links":{"self":[{"href":"https:\/\/majetic-ausbau.de\/en\/wp-json\/wp\/v2\/pages\/2271","targetHints":{"allow":["GET"]}}],"collection":[{"href":"https:\/\/majetic-ausbau.de\/en\/wp-json\/wp\/v2\/pages"}],"about":[{"href":"https:\/\/majetic-ausbau.de\/en\/wp-json\/wp\/v2\/types\/page"}],"author":[{"embeddable":true,"href":"https:\/\/majetic-ausbau.de\/en\/wp-json\/wp\/v2\/users\/1"}],"replies":[{"embeddable":true,"href":"https:\/\/majetic-ausbau.de\/en\/wp-json\/wp\/v2\/comments?post=2271"}],"version-history":[{"count":4,"href":"https:\/\/majetic-ausbau.de\/en\/wp-json\/wp\/v2\/pages\/2271\/revisions"}],"predecessor-version":[{"id":2363,"href":"https:\/\/majetic-ausbau.de\/en\/wp-json\/wp\/v2\/pages\/2271\/revisions\/2363"}],"wp:attachment":[{"href":"https:\/\/majetic-ausbau.de\/en\/wp-json\/wp\/v2\/media?parent=2271"}],"curies":[{"name":"wp","href":"https:\/\/api.w.org\/{rel}","templated":true}]}}